{"id":143,"date":"2020-03-10T07:58:57","date_gmt":"2020-03-10T07:58:57","guid":{"rendered":"http:\/\/www.virapa.fi\/?page_id=143"},"modified":"2020-03-10T12:10:47","modified_gmt":"2020-03-10T12:10:47","slug":"koneurakointi","status":"publish","type":"page","link":"http:\/\/www.virapa.fi\/?page_id=143","title":{"rendered":"Koneurakointi"},"content":{"rendered":"\n<p>Suoritamme teiden ja pihojen aurausta, polanteenpoistoa ja hiekoitusta.\nPenkanpoistot onnistuvat my\u00f6s.<\/p>\n\n\n\n<p>Meilt\u00e4 saa my\u00f6s tienvarren niitot ja vastaavat vesakon raivaukset mm. peltojen vierelt\u00e4.<\/p>\n\n\n\n<div class=\"wp-block-group\"><div class=\"wp-block-group__inner-container\">\n<figure class=\"wp-block-image\"><img loading=\"lazy\" width=\"768\" height=\"1024\" src=\"http:\/\/www.virapa.fi\/wp-content\/uploads\/2020\/03\/20190716_114611-768x1024.jpg\" alt=\"\" class=\"wp-image-146\" srcset=\"http:\/\/www.virapa.fi\/wp-content\/uploads\/2020\/03\/20190716_114611-768x1024.jpg 768w, http:\/\/www.virapa.fi\/wp-content\/uploads\/2020\/03\/20190716_114611-225x300.jpg 225w, http:\/\/www.virapa.fi\/wp-content\/uploads\/2020\/03\/20190716_114611-1152x1536.jpg 1152w, http:\/\/www.virapa.fi\/wp-content\/uploads\/2020\/03\/20190716_114611-1536x2048.jpg 1536w, http:\/\/www.virapa.fi\/wp-content\/uploads\/2020\/03\/20190716_114611-960x1280.jpg 960w, http:\/\/www.virapa.fi\/wp-content\/uploads\/2020\/03\/20190716_114611-scaled.jpg 1920w\" sizes=\"(max-width: 768px) 100vw, 768px\" \/><figcaption>Pientareiden niitto k\u00e4ynniss\u00e4<\/figcaption><\/figure>\n\n\n\n<figure class=\"wp-block-image\"><img loading=\"lazy\" width=\"1024\" height=\"768\" src=\"http:\/\/www.virapa.fi\/wp-content\/uploads\/2020\/03\/20190429_160213-1024x768.jpg\" alt=\"\" class=\"wp-image-148\" srcset=\"http:\/\/www.virapa.fi\/wp-content\/uploads\/2020\/03\/20190429_160213-1024x768.jpg 1024w, http:\/\/www.virapa.fi\/wp-content\/uploads\/2020\/03\/20190429_160213-300x225.jpg 300w, http:\/\/www.virapa.fi\/wp-content\/uploads\/2020\/03\/20190429_160213-768x576.jpg 768w, http:\/\/www.virapa.fi\/wp-content\/uploads\/2020\/03\/20190429_160213-1536x1152.jpg 1536w, http:\/\/www.virapa.fi\/wp-content\/uploads\/2020\/03\/20190429_160213-2048x1536.jpg 2048w, http:\/\/www.virapa.fi\/wp-content\/uploads\/2020\/03\/20190429_160213-960x720.jpg 960w\" sizes=\"(max-width: 1024px) 100vw, 1024px\" \/><figcaption>Ketjumurskain Ulottuvuus 4m<\/figcaption><\/figure>\n\n\n\n<figure class=\"wp-block-image\"><img loading=\"lazy\" width=\"1024\" height=\"576\" src=\"http:\/\/www.virapa.fi\/wp-content\/uploads\/2020\/03\/20190104_083419-1024x576.jpg\" alt=\"\" class=\"wp-image-149\" srcset=\"http:\/\/www.virapa.fi\/wp-content\/uploads\/2020\/03\/20190104_083419-1024x576.jpg 1024w, http:\/\/www.virapa.fi\/wp-content\/uploads\/2020\/03\/20190104_083419-300x169.jpg 300w, http:\/\/www.virapa.fi\/wp-content\/uploads\/2020\/03\/20190104_083419-768x432.jpg 768w, http:\/\/www.virapa.fi\/wp-content\/uploads\/2020\/03\/20190104_083419-1536x864.jpg 1536w, http:\/\/www.virapa.fi\/wp-content\/uploads\/2020\/03\/20190104_083419-2048x1152.jpg 2048w, http:\/\/www.virapa.fi\/wp-content\/uploads\/2020\/03\/20190104_083419-960x540.jpg 960w\" sizes=\"(max-width: 1024px) 100vw, 1024px\" \/><figcaption>Aurausta Alueauralla ja lingolla<\/figcaption><\/figure>\n<\/div><\/div>\n\n\n\n<figure class=\"wp-block-image\"><img alt=\"\"\/><\/figure>\n","protected":false},"excerpt":{"rendered":"<p>Suoritamme teiden ja pihojen aurausta, polanteenpoistoa ja hiekoitusta. Penkanpoistot onnistuvat my\u00f6s. Meilt\u00e4 saa my\u00f6s tienvarren niitot ja vastaavat vesakon raivaukset mm. peltojen vierelt\u00e4.<\/p>\n","protected":false},"author":1,"featured_media":0,"parent":0,"menu_order":0,"comment_status":"closed","ping_status":"closed","template":"","meta":[],"_links":{"self":[{"href":"http:\/\/www.virapa.fi\/index.php?rest_route=\/wp\/v2\/pages\/143"}],"collection":[{"href":"http:\/\/www.virapa.fi\/index.php?rest_route=\/wp\/v2\/pages"}],"about":[{"href":"http:\/\/www.virapa.fi\/index.php?rest_route=\/wp\/v2\/types\/page"}],"author":[{"embeddable":true,"href":"http:\/\/www.virapa.fi\/index.php?rest_route=\/wp\/v2\/users\/1"}],"replies":[{"embeddable":true,"href":"http:\/\/www.virapa.fi\/index.php?rest_route=%2Fwp%2Fv2%2Fcomments&post=143"}],"version-history":[{"count":5,"href":"http:\/\/www.virapa.fi\/index.php?rest_route=\/wp\/v2\/pages\/143\/revisions"}],"predecessor-version":[{"id":181,"href":"http:\/\/www.virapa.fi\/index.php?rest_route=\/wp\/v2\/pages\/143\/revisions\/181"}],"wp:attachment":[{"href":"http:\/\/www.virapa.fi\/index.php?rest_route=%2Fwp%2Fv2%2Fmedia&parent=143"}],"curies":[{"name":"wp","href":"https:\/\/api.w.org\/{rel}","templated":true}]}}