{"id":47,"date":"2018-09-06T09:04:43","date_gmt":"2018-09-06T09:04:43","guid":{"rendered":"http:\/\/www.virapa.fi\/?page_id=47"},"modified":"2018-09-10T08:22:58","modified_gmt":"2018-09-10T08:22:58","slug":"virapa-oy","status":"publish","type":"page","link":"http:\/\/www.virapa.fi\/","title":{"rendered":"Virapa Oy"},"content":{"rendered":"<h2>Tervetuloa sivuillemme<\/h2>\n<p>Olemme tuore toimija, yrityksemme on perustettu 2018. Toimintamme keskittyy Yl\u00e4-Savoon ja l\u00e4hialuelle. Erityisesti Sonkaj\u00e4rvelle ja Iisalmeen sek\u00e4 niiden ymp\u00e4ryskuntiin.<\/p>\n<p>P\u00e4\u00e4toimialamme on rakentaminen ja remontointi. Sen lis\u00e4ksi suoritamme mm. teidenhoitoa, auraukset, lanaukset jne. Meilt\u00e4 saa my\u00f6s kiinteist\u00f6nhoito\/huolto palvelut, asiakkaiden tarpeisiin r\u00e4\u00e4t\u00e4l\u00f6ityin\u00e4.<\/p>\n<p>Mik\u00e4\u00e4n ty\u00f6 ei ole meille liian pieni tai v\u00e4h\u00e4p\u00e4t\u00f6inen, ota rohkeasti <a href=\"http:\/\/www.virapa.fi\/?page_id=2\">yhteytt\u00e4<\/a> ja kysy ilmaista tarjoustamme ja mielipidett\u00e4mme asiasta, teemme yhteisty\u00f6ll\u00e4 juuri sinun tarpeisiin sopivan palvelukokonaisuuden.<\/p>\n<p>&nbsp;<\/p>\n","protected":false},"excerpt":{"rendered":"<p>Tervetuloa sivuillemme Olemme tuore toimija, yrityksemme on perustettu 2018. Toimintamme keskittyy Yl\u00e4-Savoon ja l\u00e4hialuelle. Erityisesti Sonkaj\u00e4rvelle ja Iisalmeen sek\u00e4 niiden ymp\u00e4ryskuntiin. P\u00e4\u00e4toimialamme on rakentaminen ja remontointi. Sen lis\u00e4ksi suoritamme mm. teidenhoitoa, auraukset, lanaukset jne. Meilt\u00e4 saa my\u00f6s kiinteist\u00f6nhoito\/huolto palvelut, asiakkaiden tarpeisiin r\u00e4\u00e4t\u00e4l\u00f6ityin\u00e4. Mik\u00e4\u00e4n ty\u00f6 ei ole meille liian pieni tai v\u00e4h\u00e4p\u00e4t\u00f6inen, ota rohkeasti yhteytt\u00e4 ja <a href=\"http:\/\/www.virapa.fi\/\" class=\"more-link\">...jatka lukemista<span class=\"screen-reader-text\"> \"Virapa Oy\"<\/span><\/a><\/p>\n","protected":false},"author":1,"featured_media":0,"parent":0,"menu_order":0,"comment_status":"closed","ping_status":"closed","template":"","meta":[],"_links":{"self":[{"href":"http:\/\/www.virapa.fi\/index.php?rest_route=\/wp\/v2\/pages\/47"}],"collection":[{"href":"http:\/\/www.virapa.fi\/index.php?rest_route=\/wp\/v2\/pages"}],"about":[{"href":"http:\/\/www.virapa.fi\/index.php?rest_route=\/wp\/v2\/types\/page"}],"author":[{"embeddable":true,"href":"http:\/\/www.virapa.fi\/index.php?rest_route=\/wp\/v2\/users\/1"}],"replies":[{"embeddable":true,"href":"http:\/\/www.virapa.fi\/index.php?rest_route=%2Fwp%2Fv2%2Fcomments&post=47"}],"version-history":[{"count":4,"href":"http:\/\/www.virapa.fi\/index.php?rest_route=\/wp\/v2\/pages\/47\/revisions"}],"predecessor-version":[{"id":119,"href":"http:\/\/www.virapa.fi\/index.php?rest_route=\/wp\/v2\/pages\/47\/revisions\/119"}],"wp:attachment":[{"href":"http:\/\/www.virapa.fi\/index.php?rest_route=%2Fwp%2Fv2%2Fmedia&parent=47"}],"curies":[{"name":"wp","href":"https:\/\/api.w.org\/{rel}","templated":true}]}}